{"id":380,"date":"2015-05-31T15:16:35","date_gmt":"2015-05-31T15:16:35","guid":{"rendered":"http:\/\/test.kriesi.at\/church\/?page_id=380"},"modified":"2025-01-26T11:42:19","modified_gmt":"2025-01-26T10:42:19","slug":"ministries","status":"publish","type":"page","link":"https:\/\/erste-jaeger.de\/?page_id=380","title":{"rendered":"Chronik"},"content":{"rendered":"<section  class='av_textblock_section av-llz8h1lv-a7e9bef1032763013a02664647e28a3a '   itemscope=\"itemscope\" itemtype=\"https:\/\/schema.org\/CreativeWork\" ><div class='avia_textblock'  itemprop=\"text\" ><h2 style=\"text-align: center;\">Chronik der 1. J\u00e4ger Kompanie<\/h2>\n<\/div><\/section>\n\n<style type=\"text\/css\" data-created_by=\"avia_inline_auto\" id=\"style-css-av-2qrir0-c09bffb1bbff1617e1b36c2abf6e63e3\">\n.flex_column.av-2qrir0-c09bffb1bbff1617e1b36c2abf6e63e3{\nborder-radius:0px 0px 0px 0px;\npadding:0px 0px 0px 0px;\n}\n<\/style>\n<div  class='flex_column av-2qrir0-c09bffb1bbff1617e1b36c2abf6e63e3 av_one_full  avia-builder-el-1  el_after_av_textblock  avia-builder-el-last  first flex_column_div av-zero-column-padding  column-top-margin'     ><div  id=\"avia-timeline-1\"  class='avia-timeline-container av-llz7xshk-376501179661a8c58d81cd427ae36010 av-slideshow-ui  avia-builder-el-2  avia-builder-el-no-sibling ' ><ul class='avia-timeline avia-timeline-vertical av-milestone-placement-alternate avia-timeline-boxshadow avia_animate_when_almost_visible avia-timeline-animate'>\n<li  class='av-milestone av-2ksucs-043f57d8ce5850d99af4214db45e37f7 av-animated-generic fade-in av-milestone-valign-baseline av-milestone-odd'><h2 class='av-milestone-date ' id='milestone-1880' ><strong>1880<span class='av-milestone-indicator'><\/span><\/strong><\/h2><div class=\"av-milestone-icon-wrap\"><span class='av-milestone-icon milestone_icon avia-font-entypo-fontello'><span class='av-milestone-icon-inner milestone_inner'><i class='milestone-char avia-iconfont avia-font-entypo-fontello' data-av_icon='' data-av_iconfont='entypo-fontello' ><\/i><\/span><\/span><\/div><article class='av-milestone-content-wrap'><div class='av-milestone-contentbox'><header class=\"entry-content-header\" aria-label=\"Milestone: GR\u00dcNDUNG DER 1. J\u00c4GER KOMPANIE HIMMELGEIST\"><h4 class='av-milestone-title '>GR\u00dcNDUNG DER 1. J\u00c4GER KOMPANIE HIMMELGEIST<\/h4><\/header><div class='av-milestone-content'><p>Im Jahre 1880 gr\u00fcndete die erste Generation der Sch\u00fctzen, die 1. J\u00e4ger Kompanie D\u00fcsseldorf-Himmelgeist. Leider sind bis zum 50j\u00e4hrigen Bestehen alle Unterlagen verloren gegangen, so da\u00df wir uns nur auf Erz\u00e4hlungen st\u00fctzen k\u00f6nnen.<\/p>\n<\/div><\/div><footer class='av-milestone-article-footer entry-footer'><\/footer><\/article><\/li>\n<li  class='av-milestone av-2f0ics-a2ee734bfdb021fe9891348449768838 av-animated-generic fade-in av-milestone-valign-baseline av-milestone-even'><article class='av-milestone-content-wrap'><div class='av-milestone-contentbox'><header class=\"entry-content-header\" aria-label=\"Milestone: LEISTUNGEN DER ERSTEN GENERATION DER J\u00c4GER\"><h4 class='av-milestone-title '>LEISTUNGEN DER ERSTEN GENERATION DER J\u00c4GER<\/h4><\/header><div class='av-milestone-content'><p>Im Jahr 1927 beteiligten sich die J\u00e4ger u.a. an der Erstellung des Kriegerdenkmals (teilweise wurde in der Nacht heimlich gearbeitet), Spendeten Geld f\u00fcr das Kreuz in der Kirche, f\u00fcr B\u00e4nke und die Renovierung der Kirche. Halfen bei der Neugestaltung des Friedhofes, beim Kinderspielplatz, Neugestaltung des Chorraumes in der Kirche, Martinssammlung, Kriegsgr\u00e4bersammlung, Betreuung des Schie\u00dfstandes der Bruderschaft (Willi Pitsch).<\/p>\n<\/div><\/div><footer class='av-milestone-article-footer entry-footer'><\/footer><\/article><div class=\"av-milestone-icon-wrap\"><span class='av-milestone-icon milestone_icon avia-font-entypo-fontello'><span class='av-milestone-icon-inner milestone_inner'><i class='milestone-char avia-iconfont avia-font-entypo-fontello' data-av_icon='\ue81f' data-av_iconfont='entypo-fontello' ><\/i><\/span><\/span><\/div><h2 class='av-milestone-date ' id='milestone-1927' ><strong>1927<span class='av-milestone-indicator'><\/span><\/strong><\/h2><\/li>\n<li  class='av-milestone av-280whg-8b57350c4fa6fe21df72f2c1ed4b182f av-animated-generic fade-in av-milestone-valign-baseline av-milestone-odd'><h2 class='av-milestone-date ' id='milestone-1930' ><strong>1930<span class='av-milestone-indicator'><\/span><\/strong><\/h2><div class=\"av-milestone-icon-wrap\"><span class='av-milestone-icon milestone_icon avia-font-entypo-fontello'><span class='av-milestone-icon-inner milestone_inner'><i class='milestone-char avia-iconfont avia-font-entypo-fontello' data-av_icon='\ue81f' data-av_iconfont='entypo-fontello' ><\/i><\/span><\/span><\/div><article class='av-milestone-content-wrap'><div class='av-milestone-contentbox'><header class=\"entry-content-header\" aria-label=\"Milestone: 50-J\u00c4HRIGES JUBIL\u00c4UM\"><h4 class='av-milestone-title '>50-J\u00c4HRIGES JUBIL\u00c4UM<\/h4><\/header><div class='av-milestone-content'><p><img loading=\"lazy\" decoding=\"async\" class=\"size-full wp-image-1126 aligncenter\" src=\"https:\/\/erste-jaeger.de\/wp-content\/uploads\/2021\/11\/1931.jpg\" alt=\"\" width=\"403\" height=\"268\" srcset=\"https:\/\/erste-jaeger.de\/wp-content\/uploads\/2021\/11\/1931.jpg 403w, https:\/\/erste-jaeger.de\/wp-content\/uploads\/2021\/11\/1931-300x200.jpg 300w\" sizes=\"auto, (max-width: 403px) 100vw, 403px\" \/>In diesem Jahr feierte die Kompanie ihr 50-j\u00e4hriges Jubil\u00e4um. Die 1930 noch lebenden Gr\u00fcnder waren: Fritz Becker (1), Fritz Becker (2), Wienand Engelbertz, Wilhelm Kornwebel, Wilhelm Kronenberg, Engelbert Strunk und Anton Wiesbusch.<\/p>\n<\/div><\/div><footer class='av-milestone-article-footer entry-footer'><\/footer><\/article><\/li>\n<li  class='av-milestone av-21t8sc-94a291e2c707c3a8362051e6d091aa6b av-animated-generic fade-in av-milestone-valign-baseline av-milestone-even'><article class='av-milestone-content-wrap'><div class='av-milestone-contentbox'><header class=\"entry-content-header\" aria-label=\"Milestone: ERSTER SCH\u00dcTZENZUG NACH DEM KRIEG\"><h4 class='av-milestone-title '>ERSTER SCH\u00dcTZENZUG NACH DEM KRIEG<\/h4><\/header><div class='av-milestone-content'><p>1948 fand der erste Sch\u00fctzenzug durch Himmelgeist nach dem 2. Weltkrieg statt. Da die Fahne und die Uniformen der J\u00e4ger verbrannt oder verloren gingen, kleideten Sie sich in schwarze Anz\u00fcge mit Zylinder.<\/p>\n<\/div><\/div><footer class='av-milestone-article-footer entry-footer'><\/footer><\/article><div class=\"av-milestone-icon-wrap\"><span class='av-milestone-icon milestone_icon avia-font-entypo-fontello'><span class='av-milestone-icon-inner milestone_inner'><i class='milestone-char avia-iconfont avia-font-entypo-fontello' data-av_icon='\ue81f' data-av_iconfont='entypo-fontello' ><\/i><\/span><\/span><\/div><h2 class='av-milestone-date ' id='milestone-1948' ><strong>1948<span class='av-milestone-indicator'><\/span><\/strong><\/h2><\/li>\n<li  class='av-milestone av-1wxc84-3aa470475b48278974590ea39df5e0b0 av-animated-generic fade-in av-milestone-valign-baseline av-milestone-odd'><h2 class='av-milestone-date ' id='milestone-1980' ><strong>1980<span class='av-milestone-indicator'><\/span><\/strong><\/h2><div class=\"av-milestone-icon-wrap\"><span class='av-milestone-icon milestone_icon avia-font-entypo-fontello'><span class='av-milestone-icon-inner milestone_inner'><i class='milestone-char avia-iconfont avia-font-entypo-fontello' data-av_icon='\ue81f' data-av_iconfont='entypo-fontello' ><\/i><\/span><\/span><\/div><article class='av-milestone-content-wrap'><div class='av-milestone-contentbox'><header class=\"entry-content-header\" aria-label=\"Milestone: 100J\u00c4HRIGES JUBIL\u00c4UM\"><h4 class='av-milestone-title '>100J\u00c4HRIGES JUBIL\u00c4UM<\/h4><\/header><div class='av-milestone-content'><p><img loading=\"lazy\" decoding=\"async\" class=\"size-full wp-image-1333 aligncenter\" src=\"https:\/\/erste-jaeger.de\/wp-content\/uploads\/2021\/12\/1980.jpg\" alt=\"\" width=\"403\" height=\"307\" srcset=\"https:\/\/erste-jaeger.de\/wp-content\/uploads\/2021\/12\/1980.jpg 403w, https:\/\/erste-jaeger.de\/wp-content\/uploads\/2021\/12\/1980-300x229.jpg 300w\" sizes=\"auto, (max-width: 403px) 100vw, 403px\" \/>1980 feierte die 2. Generation der J\u00e4ger das 100-j\u00e4hrige Bestehen der Kompanie und kleideten sich zu diesem Anla\u00df ganz traditionell, mit schwarzem Anzug und Zylinder.<\/p>\n<\/div><\/div><footer class='av-milestone-article-footer entry-footer'><\/footer><\/article><\/li>\n<li  class='av-milestone av-1sbtw4-7d74277566e74acde934a43fcf595eca av-animated-generic fade-in av-milestone-valign-baseline av-milestone-even'><article class='av-milestone-content-wrap'><div class='av-milestone-contentbox'><header class=\"entry-content-header\" aria-label=\"Milestone: 2. NEUGR\u00dcNDUNG DER 1. J\u00c4GER KOMPANIE\"><h4 class='av-milestone-title '>2. NEUGR\u00dcNDUNG DER 1. J\u00c4GER KOMPANIE<\/h4><\/header><div class='av-milestone-content'><p>Am\u00a0<b>9. Oktober 1981<\/b>\u00a0wurde im Partykeller der G\u00e4rtnerei Stoffels die 3. Generation der 1. J\u00e4ger Kompanie ins Leben gerufen. Die Gr\u00fcndungsmitgliedern waren: Christoph Bauer, Andreas und Michael Bergmann, Stefan Eisenbeis, Mike Hendrischke, Christian Seiffert und Karl-Josef Stoffels.<\/p>\n<\/div><\/div><footer class='av-milestone-article-footer entry-footer'><\/footer><\/article><div class=\"av-milestone-icon-wrap\"><span class='av-milestone-icon milestone_icon avia-font-entypo-fontello'><span class='av-milestone-icon-inner milestone_inner'><i class='milestone-char avia-iconfont avia-font-entypo-fontello' data-av_icon='\ue81f' data-av_iconfont='entypo-fontello' ><\/i><\/span><\/span><\/div><h2 class='av-milestone-date ' id='milestone-1981' ><strong>1981<span class='av-milestone-indicator'><\/span><\/strong><\/h2><\/li>\n<li  class='av-milestone av-5jt70-ebf9f8728401d7a960a8024246d594c8 av-animated-generic fade-in av-milestone-valign-baseline av-milestone-odd'><h2 class='av-milestone-date ' id='milestone-1982' ><strong>1982<span class='av-milestone-indicator'><\/span><\/strong><\/h2><div class=\"av-milestone-icon-wrap\"><span class='av-milestone-icon milestone_icon avia-font-entypo-fontello'><span class='av-milestone-icon-inner milestone_inner'><i class='milestone-char avia-iconfont avia-font-entypo-fontello' data-av_icon='\ue81f' data-av_iconfont='entypo-fontello' ><\/i><\/span><\/span><\/div><article class='av-milestone-content-wrap'><div class='av-milestone-contentbox'><header class=\"entry-content-header\" aria-label=\"Milestone: ERSTER AUFTRITT DER &quot;NEUEN&quot; 1. J\u00c4GER KOMPANIE\"><h4 class='av-milestone-title '>ERSTER AUFTRITT DER \"NEUEN\" 1. J\u00c4GER KOMPANIE<\/h4><\/header><div class='av-milestone-content'><p><img loading=\"lazy\" decoding=\"async\" class=\"size-full wp-image-1304 aligncenter\" src=\"https:\/\/erste-jaeger.de\/wp-content\/uploads\/2021\/12\/gal-16.jpg\" alt=\"\" width=\"640\" height=\"480\" srcset=\"https:\/\/erste-jaeger.de\/wp-content\/uploads\/2021\/12\/gal-16.jpg 640w, https:\/\/erste-jaeger.de\/wp-content\/uploads\/2021\/12\/gal-16-300x225.jpg 300w\" sizes=\"auto, (max-width: 640px) 100vw, 640px\" \/><\/p>\n<p>Der Paradeschritt ist bei uns von Anfang an Ehrensache.<\/p>\n<\/div><\/div><footer class='av-milestone-article-footer entry-footer'><\/footer><\/article><\/li>\n<li  class='av-milestone av-1fpwuc-477c3aaf7d139637096172b7dd88fd5f av-animated-generic fade-in av-milestone-valign-baseline av-milestone-even'><article class='av-milestone-content-wrap'><div class='av-milestone-contentbox'><header class=\"entry-content-header\" aria-label=\"Milestone: ERSTER KR\u00d6NUNGSBALL DER &quot;NEUEN&quot; 1. J\u00c4GER KOMPANIE\"><h4 class='av-milestone-title '>ERSTER KR\u00d6NUNGSBALL DER \"NEUEN\" 1. J\u00c4GER KOMPANIE<\/h4><\/header><div class='av-milestone-content'><p><img loading=\"lazy\" decoding=\"async\" class=\"size-full wp-image-1303 aligncenter\" src=\"https:\/\/erste-jaeger.de\/wp-content\/uploads\/2021\/12\/gal-15.jpg\" alt=\"\" width=\"640\" height=\"480\" srcset=\"https:\/\/erste-jaeger.de\/wp-content\/uploads\/2021\/12\/gal-15.jpg 640w, https:\/\/erste-jaeger.de\/wp-content\/uploads\/2021\/12\/gal-15-300x225.jpg 300w\" sizes=\"auto, (max-width: 640px) 100vw, 640px\" \/>Huldigung zu Ehren des neuen Regimentk\u00f6nigs.<\/p>\n<\/div><\/div><footer class='av-milestone-article-footer entry-footer'><\/footer><\/article><div class=\"av-milestone-icon-wrap\"><span class='av-milestone-icon milestone_icon avia-font-entypo-fontello'><span class='av-milestone-icon-inner milestone_inner'><i class='milestone-char avia-iconfont avia-font-entypo-fontello' data-av_icon='\ue81f' data-av_iconfont='entypo-fontello' ><\/i><\/span><\/span><\/div><h2 class='av-milestone-date ' id='milestone-1982' ><strong>1982<span class='av-milestone-indicator'><\/span><\/strong><\/h2><\/li>\n<li  class='av-milestone av-186o6k-106893f830a908969f9880393165be62 av-animated-generic fade-in av-milestone-valign-baseline av-milestone-odd'><h2 class='av-milestone-date ' id='milestone-1985' ><strong>1985<span class='av-milestone-indicator'><\/span><\/strong><\/h2><div class=\"av-milestone-icon-wrap\"><span class='av-milestone-icon milestone_icon avia-font-entypo-fontello'><span class='av-milestone-icon-inner milestone_inner'><i class='milestone-char avia-iconfont avia-font-entypo-fontello' data-av_icon='\ue81f' data-av_iconfont='entypo-fontello' ><\/i><\/span><\/span><\/div><article class='av-milestone-content-wrap'><div class='av-milestone-contentbox'><header class=\"entry-content-header\" aria-label=\"Milestone: GRUPPENBILD 1985\"><h4 class='av-milestone-title '>GRUPPENBILD 1985<\/h4><\/header><div class='av-milestone-content'><p><img loading=\"lazy\" decoding=\"async\" class=\"size-full wp-image-1305 aligncenter\" src=\"https:\/\/erste-jaeger.de\/wp-content\/uploads\/2021\/12\/gal-17.jpg\" alt=\"\" width=\"640\" height=\"480\" srcset=\"https:\/\/erste-jaeger.de\/wp-content\/uploads\/2021\/12\/gal-17.jpg 640w, https:\/\/erste-jaeger.de\/wp-content\/uploads\/2021\/12\/gal-17-300x225.jpg 300w\" sizes=\"auto, (max-width: 640px) 100vw, 640px\" \/>In den ersten Jahren wuchsen wir stetig.<\/p>\n<\/div><\/div><footer class='av-milestone-article-footer entry-footer'><\/footer><\/article><\/li>\n<li  class='av-milestone av-13c158-f1d81214b83d08a82fd2b920dabc3a1b av-animated-generic fade-in av-milestone-valign-baseline av-milestone-even'><article class='av-milestone-content-wrap'><div class='av-milestone-contentbox'><header class=\"entry-content-header\" aria-label=\"Milestone: Fahnenweihe\"><h4 class='av-milestone-title '>Fahnenweihe<\/h4><\/header><div class='av-milestone-content'><p><img loading=\"lazy\" decoding=\"async\" class=\"size-full wp-image-1202 aligncenter\" src=\"https:\/\/erste-jaeger.de\/wp-content\/uploads\/2021\/12\/1988.jpg\" alt=\"\" width=\"403\" height=\"274\" srcset=\"https:\/\/erste-jaeger.de\/wp-content\/uploads\/2021\/12\/1988.jpg 403w, https:\/\/erste-jaeger.de\/wp-content\/uploads\/2021\/12\/1988-300x204.jpg 300w\" sizes=\"auto, (max-width: 403px) 100vw, 403px\" \/>1988 erhielt unsere Fahne ihre Weihe. Sie wurde im Kloster Kreitz von Nonnen handgefertigt.<\/p>\n<\/div><\/div><footer class='av-milestone-article-footer entry-footer'><\/footer><\/article><div class=\"av-milestone-icon-wrap\"><span class='av-milestone-icon milestone_icon avia-font-entypo-fontello'><span class='av-milestone-icon-inner milestone_inner'><i class='milestone-char avia-iconfont avia-font-entypo-fontello' data-av_icon='\ue81f' data-av_iconfont='entypo-fontello' ><\/i><\/span><\/span><\/div><h2 class='av-milestone-date ' id='milestone-1988' ><strong>1988<span class='av-milestone-indicator'><\/span><\/strong><\/h2><\/li>\n<li  class='av-milestone av-33b8k-eda821263f8c7952fb75a00a7037a3de av-animated-generic fade-in av-milestone-valign-baseline av-milestone-odd'><h2 class='av-milestone-date ' id='milestone-1998' ><strong>1998<span class='av-milestone-indicator'><\/span><\/strong><\/h2><div class=\"av-milestone-icon-wrap\"><span class='av-milestone-icon milestone_icon avia-font-entypo-fontello'><span class='av-milestone-icon-inner milestone_inner'><i class='milestone-char avia-iconfont avia-font-entypo-fontello' data-av_icon='\ue81f' data-av_iconfont='entypo-fontello' ><\/i><\/span><\/span><\/div><article class='av-milestone-content-wrap'><div class='av-milestone-contentbox'><header class=\"entry-content-header\" aria-label=\"Milestone: J\u00dcRGEN FAHRENBRACH \u2020\"><h4 class='av-milestone-title '>J\u00dcRGEN FAHRENBRACH \u2020<\/h4><\/header><div class='av-milestone-content'><p><img loading=\"lazy\" decoding=\"async\" class=\"size-full wp-image-1203 aligncenter\" src=\"https:\/\/erste-jaeger.de\/wp-content\/uploads\/2021\/12\/1998.jpg\" alt=\"\" width=\"297\" height=\"228\" \/>Am 19.01.1998 verstarb unser Mitglied J\u00fcrgen bei einem Autounfall.<br \/>\nWir denken gerne an sch\u00f6ne Stunden mit ihm zur\u00fcck.<\/p>\n<\/div><\/div><footer class='av-milestone-article-footer entry-footer'><\/footer><\/article><\/li>\n<li  class='av-milestone av-sb4kc-dcd080da0ab60b812a7c3d89eaade39d av-animated-generic fade-in av-milestone-valign-baseline av-milestone-even'><article class='av-milestone-content-wrap'><div class='av-milestone-contentbox'><header class=\"entry-content-header\" aria-label=\"Milestone: 125-j\u00e4hriges Jubil\u00e4um\"><h4 class='av-milestone-title '>125-j\u00e4hriges Jubil\u00e4um<\/h4><\/header><div class='av-milestone-content'><p><img loading=\"lazy\" decoding=\"async\" class=\"size-full wp-image-1204 aligncenter\" src=\"https:\/\/erste-jaeger.de\/wp-content\/uploads\/2021\/12\/2005.jpg\" alt=\"\" width=\"403\" height=\"267\" srcset=\"https:\/\/erste-jaeger.de\/wp-content\/uploads\/2021\/12\/2005.jpg 403w, https:\/\/erste-jaeger.de\/wp-content\/uploads\/2021\/12\/2005-300x199.jpg 300w\" sizes=\"auto, (max-width: 403px) 100vw, 403px\" \/><\/p>\n<\/div><\/div><footer class='av-milestone-article-footer entry-footer'><\/footer><\/article><div class=\"av-milestone-icon-wrap\"><span class='av-milestone-icon milestone_icon avia-font-entypo-fontello'><span class='av-milestone-icon-inner milestone_inner'><i class='milestone-char avia-iconfont avia-font-entypo-fontello' data-av_icon='\ue81f' data-av_iconfont='entypo-fontello' ><\/i><\/span><\/span><\/div><h2 class='av-milestone-date ' id='milestone-2005' ><strong>2005<span class='av-milestone-indicator'><\/span><\/strong><\/h2><\/li>\n<li  class='av-milestone av-lb7w4-b6f9f4c5186c7243818450bb218904c8 av-animated-generic fade-in av-milestone-valign-baseline av-milestone-odd'><h2 class='av-milestone-date ' id='milestone-2005' ><strong>2005<span class='av-milestone-indicator'><\/span><\/strong><\/h2><div class=\"av-milestone-icon-wrap\"><span class='av-milestone-icon milestone_icon avia-font-entypo-fontello'><span class='av-milestone-icon-inner milestone_inner'><i class='milestone-char avia-iconfont avia-font-entypo-fontello' data-av_icon='\ue81f' data-av_iconfont='entypo-fontello' ><\/i><\/span><\/span><\/div><article class='av-milestone-content-wrap'><div class='av-milestone-contentbox'><header class=\"entry-content-header\" aria-label=\"Milestone: 125-j\u00e4hriges Jubil\u00e4um\"><h4 class='av-milestone-title '>125-j\u00e4hriges Jubil\u00e4um<\/h4><\/header><div class='av-milestone-content'><p><img loading=\"lazy\" decoding=\"async\" class=\"size-full wp-image-1205 aligncenter\" src=\"https:\/\/erste-jaeger.de\/wp-content\/uploads\/2021\/12\/2005-2.jpg\" alt=\"\" width=\"403\" height=\"172\" srcset=\"https:\/\/erste-jaeger.de\/wp-content\/uploads\/2021\/12\/2005-2.jpg 403w, https:\/\/erste-jaeger.de\/wp-content\/uploads\/2021\/12\/2005-2-300x128.jpg 300w\" sizes=\"auto, (max-width: 403px) 100vw, 403px\" \/>Seit 2005 werden wir sehr durch Nachwuchs verst\u00e4rkt. Insgesamt 21 Kinder und Jugendliche im Alter von (damals) 0 bis 12 Jahren sind innerhalb der Kompanie aktive Nachfolger Ihrer Erzeuger.<\/p>\n<\/div><\/div><footer class='av-milestone-article-footer entry-footer'><\/footer><\/article><\/li>\n<li  class='av-milestone av-ep09w-cd8d6e194d69fd81095e3deadf7f47cb av-animated-generic fade-in av-milestone-valign-baseline av-milestone-even'><article class='av-milestone-content-wrap'><div class='av-milestone-contentbox'><header class=\"entry-content-header\" aria-label=\"Milestone: 35 JAHRE &quot;NEUE&quot; 1. J\u00c4GER KOMPANIE2016\"><h4 class='av-milestone-title '>35 JAHRE \"NEUE\" 1. J\u00c4GER KOMPANIE2016<\/h4><\/header><div class='av-milestone-content'><p><img loading=\"lazy\" decoding=\"async\" class=\"size-full wp-image-1219 aligncenter\" src=\"https:\/\/erste-jaeger.de\/wp-content\/uploads\/2021\/12\/2016.jpg\" alt=\"\" width=\"403\" height=\"175\" srcset=\"https:\/\/erste-jaeger.de\/wp-content\/uploads\/2021\/12\/2016.jpg 403w, https:\/\/erste-jaeger.de\/wp-content\/uploads\/2021\/12\/2016-300x130.jpg 300w\" sizes=\"auto, (max-width: 403px) 100vw, 403px\" \/>In diesem Jahr feiert die 3. Generation ihr 35-j\u00e4hriges Jubil\u00e4um.<\/p>\n<\/div><\/div><footer class='av-milestone-article-footer entry-footer'><\/footer><\/article><div class=\"av-milestone-icon-wrap\"><span class='av-milestone-icon milestone_icon avia-font-entypo-fontello'><span class='av-milestone-icon-inner milestone_inner'><i class='milestone-char avia-iconfont avia-font-entypo-fontello' data-av_icon='\ue81f' data-av_iconfont='entypo-fontello' ><\/i><\/span><\/span><\/div><h2 class='av-milestone-date ' id='milestone-2016' ><strong>2016<span class='av-milestone-indicator'><\/span><\/strong><\/h2><\/li>\n<li  class='av-milestone av-7huss-db77a0ea4b680a020e31e80001db88c6 av-animated-generic fade-in av-milestone-valign-baseline av-milestone-odd'><h2 class='av-milestone-date ' id='milestone-2016' ><strong>2016<span class='av-milestone-indicator'><\/span><\/strong><\/h2><div class=\"av-milestone-icon-wrap\"><span class='av-milestone-icon milestone_icon avia-font-entypo-fontello'><span class='av-milestone-icon-inner milestone_inner'><i class='milestone-char avia-iconfont avia-font-entypo-fontello' data-av_icon='\ue81f' data-av_iconfont='entypo-fontello' ><\/i><\/span><\/span><\/div><article class='av-milestone-content-wrap'><div class='av-milestone-contentbox'><header class=\"entry-content-header\" aria-label=\"Milestone: NEUGR\u00dcNDUNG DER JUNG J\u00c4GER HIMMELGEIST\"><h4 class='av-milestone-title '>NEUGR\u00dcNDUNG DER JUNG J\u00c4GER HIMMELGEIST<\/h4><\/header><div class='av-milestone-content'><p><img loading=\"lazy\" decoding=\"async\" class=\"size-full wp-image-1243 aligncenter\" src=\"https:\/\/erste-jaeger.de\/wp-content\/uploads\/2021\/12\/2016-2.jpg\" alt=\"\" width=\"403\" height=\"266\" srcset=\"https:\/\/erste-jaeger.de\/wp-content\/uploads\/2021\/12\/2016-2.jpg 403w, https:\/\/erste-jaeger.de\/wp-content\/uploads\/2021\/12\/2016-2-300x198.jpg 300w\" sizes=\"auto, (max-width: 403px) 100vw, 403px\" \/>Am\u00a09. Oktober 2016\u00a0haben sich die\u00a0Jung J\u00e4ger Himmelgeist neu gegr\u00fcndet.<\/p>\n<\/div><\/div><footer class='av-milestone-article-footer entry-footer'><\/footer><\/article><\/li>\n<li  class='av-milestone av-m6dhjq69-2c019e3bf24a56be11d3e41853b0be31 av-animated-generic fade-in av-milestone-valign-baseline av-milestone-even'><article class='av-milestone-content-wrap'><div class='av-milestone-contentbox'><header class=\"entry-content-header\" aria-label=\"Milestone: Michael Bergmann bearbeitet die Webseite\"><h4 class='av-milestone-title '>Michael Bergmann bearbeitet die Webseite<\/h4><\/header><div class='av-milestone-content'><p><img loading=\"lazy\" decoding=\"async\" class=\"alignnone wp-image-1323 size-medium\" src=\"https:\/\/erste-jaeger.de\/wp-content\/uploads\/2021\/12\/logo-300x231.png\" alt=\"\" width=\"300\" height=\"231\" srcset=\"https:\/\/erste-jaeger.de\/wp-content\/uploads\/2021\/12\/logo-300x231.png 300w, https:\/\/erste-jaeger.de\/wp-content\/uploads\/2021\/12\/logo-768x590.png 768w, https:\/\/erste-jaeger.de\/wp-content\/uploads\/2021\/12\/logo-705x542.png 705w, https:\/\/erste-jaeger.de\/wp-content\/uploads\/2021\/12\/logo.png 891w\" sizes=\"auto, (max-width: 300px) 100vw, 300px\" \/><\/p>\n<p>Michael \u00fcbernimmt die Betreuung der Webseite.<\/p>\n<\/div><\/div><footer class='av-milestone-article-footer entry-footer'><\/footer><\/article><div class=\"av-milestone-icon-wrap\"><span class='av-milestone-icon milestone_icon avia-font-entypo-fontello'><span class='av-milestone-icon-inner milestone_inner'><i class='milestone-char avia-iconfont avia-font-entypo-fontello' data-av_icon='\ue800' data-av_iconfont='entypo-fontello' ><\/i><\/span><\/span><\/div><h2 class='av-milestone-date ' id='milestone-2025' ><strong>2025<span class='av-milestone-indicator'><\/span><\/strong><\/h2><\/li>\n<\/ul><\/div><\/div>\n","protected":false},"excerpt":{"rendered":"","protected":false},"author":1,"featured_media":0,"parent":96,"menu_order":9,"comment_status":"open","ping_status":"open","template":"","meta":{"footnotes":""},"categories":[],"tags":[],"class_list":["post-380","page","type-page","status-publish","hentry"],"jetpack_sharing_enabled":true,"_links":{"self":[{"href":"https:\/\/erste-jaeger.de\/index.php?rest_route=\/wp\/v2\/pages\/380","targetHints":{"allow":["GET"]}}],"collection":[{"href":"https:\/\/erste-jaeger.de\/index.php?rest_route=\/wp\/v2\/pages"}],"about":[{"href":"https:\/\/erste-jaeger.de\/index.php?rest_route=\/wp\/v2\/types\/page"}],"author":[{"embeddable":true,"href":"https:\/\/erste-jaeger.de\/index.php?rest_route=\/wp\/v2\/users\/1"}],"replies":[{"embeddable":true,"href":"https:\/\/erste-jaeger.de\/index.php?rest_route=%2Fwp%2Fv2%2Fcomments&post=380"}],"version-history":[{"count":0,"href":"https:\/\/erste-jaeger.de\/index.php?rest_route=\/wp\/v2\/pages\/380\/revisions"}],"up":[{"embeddable":true,"href":"https:\/\/erste-jaeger.de\/index.php?rest_route=\/wp\/v2\/pages\/96"}],"wp:attachment":[{"href":"https:\/\/erste-jaeger.de\/index.php?rest_route=%2Fwp%2Fv2%2Fmedia&parent=380"}],"wp:term":[{"taxonomy":"category","embeddable":true,"href":"https:\/\/erste-jaeger.de\/index.php?rest_route=%2Fwp%2Fv2%2Fcategories&post=380"},{"taxonomy":"post_tag","embeddable":true,"href":"https:\/\/erste-jaeger.de\/index.php?rest_route=%2Fwp%2Fv2%2Ftags&post=380"}],"curies":[{"name":"wp","href":"https:\/\/api.w.org\/{rel}","templated":true}]}}